{"id":3697,"date":"2025-05-04T23:42:57","date_gmt":"2025-05-04T23:42:57","guid":{"rendered":"https:\/\/communit1d.ca\/inscriptions\/"},"modified":"2025-06-09T23:30:34","modified_gmt":"2025-06-09T23:30:34","slug":"sign-up","status":"publish","type":"page","link":"https:\/\/communit1d.ca\/fr\/sign-up\/","title":{"rendered":"S&rsquo;inscrire"},"content":{"rendered":"\n<div class=\"wp-block-uagb-container uagb-block-14c937e2 alignfull uagb-is-root-container\"><div class=\"uagb-container-inner-blocks-wrap\">\n<p><\/p>\n\n\n\n<div class=\"wp-block-uagb-info-box uagb-block-4bc80c4c uagb-infobox__content-wrap uagb-infobox-icon-above-title uagb-infobox-image-valign-top wp-block-uagb-info-box--has-margin\"><div class=\"uagb-infobox-margin-wrapper\"><div class=\"uagb-ifb-content\"><div class=\"uagb-ifb-title-wrap\"><h6 class=\"uagb-ifb-title-prefix\"> <\/h6><h1 class=\"uagb-ifb-title\">Vous voulez vous inscrire?<br>Nous avons h\u00e2te de vous rencontrer bient\u00f4t<\/h1><\/div><p class=\"uagb-ifb-desc\">Trouvez votre CommunauDT1<\/p><\/div><\/div><\/div>\n\n\n\n<div class=\"wp-block-uagb-separator uagb-block-f413b0e6\"><div class=\"wp-block-uagb-separator__inner\" style=\"--my-background-image:\"><\/div><\/div>\n\n\n\n<div class=\"wp-block-uagb-advanced-heading uagb-block-921851e4\"><h6 class=\"uagb-heading-text\">Le processus<\/h6><\/div>\n\n\n\n<div class=\"wp-block-uagb-container uagb-block-bbf8540e\">\n<div class=\"wp-block-uagb-container uagb-block-fc6e001f\">\n<div class=\"wp-block-uagb-info-box uagb-block-4dc14977 uagb-infobox__content-wrap uagb-infobox-icon-above-title uagb-infobox-image-valign-top wp-block-uagb-info-box--has-margin\"><div class=\"uagb-infobox-margin-wrapper\"><div class=\"uagb-ifb-content\"><div class=\"uagb-ifb-title-wrap\"><h2 class=\"uagb-ifb-title-prefix\">01<\/h2><h5 class=\"uagb-ifb-title\">Remplir un questionnaire<\/h5><\/div><p class=\"uagb-ifb-desc\">Nous vous poserons des questions sur vous, sur le r\u00f4le que joue le DT1 dans votre vie et sur les moments o\u00f9 vous pourriez \u00eatre disponible pour des r\u00e9unions en ligne, environ une fois par mois.<\/p><\/div><\/div><\/div>\n<\/div>\n\n\n\n<div class=\"wp-block-uagb-container uagb-block-d1df0bec\">\n<div class=\"wp-block-uagb-info-box uagb-block-d489709a uagb-infobox__content-wrap uagb-infobox-icon-above-title uagb-infobox-image-valign-top wp-block-uagb-info-box--has-margin\"><div class=\"uagb-infobox-margin-wrapper\"><div class=\"uagb-ifb-content\"><div class=\"uagb-ifb-title-wrap\"><h2 class=\"uagb-ifb-title-prefix\">02<\/h2><h5 class=\"uagb-ifb-title\">Dites-nous ce qui est important pour vous<\/h5><\/div><p class=\"uagb-ifb-desc\">Classez jusqu\u2019\u00e0 6 \u00e9l\u00e9ments que vous souhaitez que nous prenions en compte lorsque nous vous mettons en relation avec d\u2019autres personnes.<\/p><\/div><\/div><\/div>\n<\/div>\n\n\n\n<div class=\"wp-block-uagb-container uagb-block-00c0436a\">\n<div class=\"wp-block-uagb-info-box uagb-block-5c7a624b uagb-infobox__content-wrap uagb-infobox-icon-above-title uagb-infobox-image-valign-top wp-block-uagb-info-box--has-margin\"><div class=\"uagb-infobox-margin-wrapper\"><div class=\"uagb-ifb-content\"><div class=\"uagb-ifb-title-wrap\"><h2 class=\"uagb-ifb-title-prefix\">03<\/h2><h5 class=\"uagb-ifb-title\">Nous vous mettons en relation avec un groupe<\/h5><\/div><p class=\"uagb-ifb-desc\">En fonction de vos r\u00e9ponses, nous trouvons un ou plusieurs groupes pour vous. Nous voulons mettre en relation des personnes qui peuvent se rencontrer \u00e0 la m\u00eame heure, qui parlent la m\u00eame langue, qui ont des choses en commun et qui s\u2019entendront bien. <\/p><\/div><\/div><\/div>\n<\/div>\n\n\n\n<div class=\"wp-block-uagb-container uagb-block-daf01849\">\n<div class=\"wp-block-uagb-info-box uagb-block-a8354b04 uagb-infobox__content-wrap uagb-infobox-icon-above-title uagb-infobox-image-valign-top wp-block-uagb-info-box--has-margin\"><div class=\"uagb-infobox-margin-wrapper\"><div class=\"uagb-ifb-content\"><div class=\"uagb-ifb-title-wrap\"><h2 class=\"uagb-ifb-title-prefix\">04<\/h2><h5 class=\"uagb-ifb-title\">C\u2019est \u00e0 vous de d\u00e9cider si cela vous convient<\/h5><\/div><p class=\"uagb-ifb-desc\">Vous assistez \u00e0 des r\u00e9unions avec d\u2019autres personnes et vous d\u00e9cidez si cela vous convient. Si vous vous faites des ami(e)s et trouvez les r\u00e9unions b\u00e9n\u00e9fiques, tant mieux! Si ce n\u2019est pas le cas, nous nous efforcerons de trouver une meilleure solution pour vous.  <\/p><\/div><\/div><\/div>\n<\/div>\n<\/div>\n\n\n\n<p><\/p>\n\n\n\n<div class=\"wp-block-uagb-buttons uagb-buttons__outer-wrap uagb-btn__default-btn uagb-btn-tablet__default-btn uagb-btn-mobile__default-btn uagb-block-2165966f\"><div class=\"uagb-buttons__wrap uagb-buttons-layout-wrap \">\n<div class=\"wp-block-uagb-buttons-child uagb-buttons__outer-wrap uagb-block-11b8e4f7 wp-block-button\"><div class=\"uagb-button__wrapper\"><a class=\"uagb-buttons-repeater wp-block-button__link\" aria-label=\"\" href=\"https:\/\/ulavalfmed.ca1.qualtrics.com\/jfe\/form\/SV_a9wpI2L3gPcICpM\" rel=\"follow noopener\" target=\"_blank\" role=\"button\"><div class=\"uagb-button__link\">S&rsquo;inscrire<\/div><\/a><\/div><\/div>\n<\/div><\/div>\n<\/div><\/div>\n\n\n\n<div class=\"wp-block-uagb-container uagb-block-b232c3a0 alignfull uagb-is-root-container\"><div class=\"uagb-container-inner-blocks-wrap\">\n<div class=\"wp-block-uagb-image uagb-block-72e2f217 wp-block-uagb-image--layout-default wp-block-uagb-image--effect-static wp-block-uagb-image--align-none\"><figure class=\"wp-block-uagb-image__figure\"><img decoding=\"async\" srcset=\"https:\/\/communit1d.ca\/wp-content\/uploads\/2025\/05\/IMG_4667-819x1024.jpeg ,https:\/\/communit1d.ca\/wp-content\/uploads\/2025\/05\/IMG_4667-scaled.jpeg 780w, https:\/\/communit1d.ca\/wp-content\/uploads\/2025\/05\/IMG_4667-scaled.jpeg 360w\" sizes=\"auto, (max-width: 480px) 150px\" src=\"https:\/\/communit1d.ca\/wp-content\/uploads\/2025\/05\/IMG_4667-819x1024.jpeg\" alt=\"\" class=\"uag-image-3606\" width=\"620\" height=\"456\" title=\"\" loading=\"lazy\" role=\"presentation\"><\/figure><\/div>\n\n\n\n<div class=\"wp-block-uagb-image uagb-block-6c1b4780 wp-block-uagb-image--layout-default wp-block-uagb-image--effect-static wp-block-uagb-image--align-none\"><figure class=\"wp-block-uagb-image__figure\"><img decoding=\"async\" srcset=\"https:\/\/communit1d.ca\/wp-content\/uploads\/2025\/05\/IMG_4671-819x1024.jpeg ,https:\/\/communit1d.ca\/wp-content\/uploads\/2025\/05\/IMG_4671-scaled.jpeg 780w, https:\/\/communit1d.ca\/wp-content\/uploads\/2025\/05\/IMG_4671-scaled.jpeg 360w\" sizes=\"auto, (max-width: 480px) 150px\" src=\"https:\/\/communit1d.ca\/wp-content\/uploads\/2025\/05\/IMG_4671-819x1024.jpeg\" alt=\"insulin pen tips \/ aiguilles de stylo \u00e0 insuline\" class=\"uag-image-3602\" width=\"620\" height=\"456\" title=\"IMG_4671\" loading=\"lazy\" role=\"img\"><\/figure><\/div>\n<\/div><\/div>\n\n\n\n<div class=\"wp-block-uagb-container uagb-layout-grid uagb-block-1fd0e6ab alignfull uagb-is-root-container\"><div class=\"uagb-container-inner-blocks-wrap\">\n<div class=\"wp-block-uagb-info-box uagb-block-78b7773a uagb-infobox__content-wrap uagb-infobox-icon-above-title uagb-infobox-image-valign-top wp-block-uagb-info-box--has-margin\"><div class=\"uagb-infobox-margin-wrapper\"><div class=\"uagb-ifb-content\"><div class=\"uagb-ifb-title-wrap\"><h2 class=\"uagb-ifb-title\">Projet de recherche<\/h2><\/div><p class=\"uagb-ifb-desc\">CommunauDT1 est financ\u00e9 en tant que projet de recherche. Nous \u00e9tudions le fonctionnement du programme afin de l\u2019am\u00e9liorer et d\u2019aider davantage de personnes dont la vie est touch\u00e9e par un DT1. Pour ce faire, nous avons besoin que les membres de CommunauDT1 participent au projet de recherche.  <br><br>\u00c0 la fin du questionnaire d\u2019inscription, vous aurez la possibilit\u00e9 de participer au projet de recherche.<\/p><\/div><\/div><\/div>\n\n\n\n<div class=\"wp-block-uagb-container uagb-block-cda1bab3\">\n<div class=\"wp-block-uagb-separator uagb-block-bb8fd95f\"><div class=\"wp-block-uagb-separator__inner\" style=\"--my-background-image:\"><\/div><\/div>\n\n\n\n<div class=\"wp-block-uagb-icon-list uagb-block-5aefe0c6\"><div class=\"uagb-icon-list__wrap\">\n<div class=\"wp-block-uagb-icon-list-child uagb-block-cca93ac5\"><span class=\"uagb-icon-list__source-wrap\"><svg xmlns=\"https:\/\/www.w3.org\/2000\/svg\" viewbox=\"0 0 512 512\"><path d=\"M0 256C0 114.6 114.6 0 256 0C397.4 0 512 114.6 512 256C512 397.4 397.4 512 256 512C114.6 512 0 397.4 0 256zM371.8 211.8C382.7 200.9 382.7 183.1 371.8 172.2C360.9 161.3 343.1 161.3 332.2 172.2L224 280.4L179.8 236.2C168.9 225.3 151.1 225.3 140.2 236.2C129.3 247.1 129.3 264.9 140.2 275.8L204.2 339.8C215.1 350.7 232.9 350.7 243.8 339.8L371.8 211.8z\"><\/path><\/svg><\/span><span class=\"uagb-icon-list__label\">Approuv\u00e9 par le comit\u00e9 d\u2019\u00e9thique en recherche (CIUSSSCN-CER-S 2024-2887)<\/span><\/div>\n\n\n\n<div class=\"wp-block-uagb-icon-list-child uagb-block-57829e98\"><span class=\"uagb-icon-list__source-wrap\"><svg xmlns=\"https:\/\/www.w3.org\/2000\/svg\" viewbox=\"0 0 512 512\"><path d=\"M0 256C0 114.6 114.6 0 256 0C397.4 0 512 114.6 512 256C512 397.4 397.4 512 256 512C114.6 512 0 397.4 0 256zM371.8 211.8C382.7 200.9 382.7 183.1 371.8 172.2C360.9 161.3 343.1 161.3 332.2 172.2L224 280.4L179.8 236.2C168.9 225.3 151.1 225.3 140.2 236.2C129.3 247.1 129.3 264.9 140.2 275.8L204.2 339.8C215.1 350.7 232.9 350.7 243.8 339.8L371.8 211.8z\"><\/path><\/svg><\/span><span class=\"uagb-icon-list__label\">Vous avez la possibilit\u00e9 de participer apr\u00e8s l\u2019inscription<\/span><\/div>\n\n\n\n<div class=\"wp-block-uagb-icon-list-child uagb-block-ebab540e\"><span class=\"uagb-icon-list__source-wrap\"><svg xmlns=\"https:\/\/www.w3.org\/2000\/svg\" viewbox=\"0 0 512 512\"><path d=\"M0 256C0 114.6 114.6 0 256 0C397.4 0 512 114.6 512 256C512 397.4 397.4 512 256 512C114.6 512 0 397.4 0 256zM371.8 211.8C382.7 200.9 382.7 183.1 371.8 172.2C360.9 161.3 343.1 161.3 332.2 172.2L224 280.4L179.8 236.2C168.9 225.3 151.1 225.3 140.2 236.2C129.3 247.1 129.3 264.9 140.2 275.8L204.2 339.8C215.1 350.7 232.9 350.7 243.8 339.8L371.8 211.8z\"><\/path><\/svg><\/span><span class=\"uagb-icon-list__label\">Vous devrez remplir un sondage tous les 6 mois<\/span><\/div>\n\n\n\n<div class=\"wp-block-uagb-icon-list-child uagb-block-e0f38fbc\"><span class=\"uagb-icon-list__source-wrap\"><svg xmlns=\"https:\/\/www.w3.org\/2000\/svg\" viewbox=\"0 0 512 512\"><path d=\"M0 256C0 114.6 114.6 0 256 0C397.4 0 512 114.6 512 256C512 397.4 397.4 512 256 512C114.6 512 0 397.4 0 256zM371.8 211.8C382.7 200.9 382.7 183.1 371.8 172.2C360.9 161.3 343.1 161.3 332.2 172.2L224 280.4L179.8 236.2C168.9 225.3 151.1 225.3 140.2 236.2C129.3 247.1 129.3 264.9 140.2 275.8L204.2 339.8C215.1 350.7 232.9 350.7 243.8 339.8L371.8 211.8z\"><\/path><\/svg><\/span><span class=\"uagb-icon-list__label\">Chaque participation vous donne la chance de participer au tirage d&rsquo;un prix de 250$<\/span><\/div>\n\n\n\n<div class=\"wp-block-uagb-icon-list-child uagb-block-93daaad8\"><span class=\"uagb-icon-list__source-wrap\"><svg xmlns=\"https:\/\/www.w3.org\/2000\/svg\" viewbox=\"0 0 512 512\"><path d=\"M0 256C0 114.6 114.6 0 256 0C397.4 0 512 114.6 512 256C512 397.4 397.4 512 256 512C114.6 512 0 397.4 0 256zM371.8 211.8C382.7 200.9 382.7 183.1 371.8 172.2C360.9 161.3 343.1 161.3 332.2 172.2L224 280.4L179.8 236.2C168.9 225.3 151.1 225.3 140.2 236.2C129.3 247.1 129.3 264.9 140.2 275.8L204.2 339.8C215.1 350.7 232.9 350.7 243.8 339.8L371.8 211.8z\"><\/path><\/svg><\/span><span class=\"uagb-icon-list__label\">Vous aurez la possibilit\u00e9 d&rsquo;obtenir des rapports de l&rsquo;\u00e9volution de vos r\u00e9ponses si vous le souhaitez<\/span><\/div>\n\n\n\n<div class=\"wp-block-uagb-icon-list-child uagb-block-44b1cff3\"><span class=\"uagb-icon-list__source-wrap\"><svg xmlns=\"https:\/\/www.w3.org\/2000\/svg\" viewbox=\"0 0 512 512\"><path d=\"M0 256C0 114.6 114.6 0 256 0C397.4 0 512 114.6 512 256C512 397.4 397.4 512 256 512C114.6 512 0 397.4 0 256zM371.8 211.8C382.7 200.9 382.7 183.1 371.8 172.2C360.9 161.3 343.1 161.3 332.2 172.2L224 280.4L179.8 236.2C168.9 225.3 151.1 225.3 140.2 236.2C129.3 247.1 129.3 264.9 140.2 275.8L204.2 339.8C215.1 350.7 232.9 350.7 243.8 339.8L371.8 211.8z\"><\/path><\/svg><\/span><span class=\"uagb-icon-list__label\">Certaines personnes auront \u00e9galement la possibilit\u00e9 d\u2019\u00eatre interview\u00e9es<\/span><\/div>\n<\/div><\/div>\n<\/div>\n<\/div><\/div>\n\n\n\n<p><\/p>\n","protected":false},"excerpt":{"rendered":"<p>Le processus<\/p>\n","protected":false},"author":6,"featured_media":0,"parent":0,"menu_order":0,"comment_status":"closed","ping_status":"closed","template":"","meta":{"_uag_custom_page_level_css":"","site-sidebar-layout":"no-sidebar","site-content-layout":"page-builder","ast-site-content-layout":"full-width-container","site-content-style":"unboxed","site-sidebar-style":"unboxed","ast-global-header-display":"","ast-banner-title-visibility":"","ast-main-header-display":"","ast-hfb-above-header-display":"","ast-hfb-below-header-display":"","ast-hfb-mobile-header-display":"","site-post-title":"disabled","ast-breadcrumbs-content":"","ast-featured-img":"disabled","footer-sml-layout":"","theme-transparent-header-meta":"enabled","adv-header-id-meta":"","stick-header-meta":"","header-above-stick-meta":"","header-main-stick-meta":"","header-below-stick-meta":"","astra-migrate-meta-layouts":"set","ast-page-background-enabled":"default","ast-page-background-meta":{"desktop":{"background-color":"var(--ast-global-color-4)","background-image":"","background-repeat":"repeat","background-position":"center center","background-size":"auto","background-attachment":"scroll","background-type":"","background-media":"","overlay-type":"","overlay-color":"","overlay-opacity":"","overlay-gradient":""},"tablet":{"background-color":"","background-image":"","background-repeat":"repeat","background-position":"center center","background-size":"auto","background-attachment":"scroll","background-type":"","background-media":"","overlay-type":"","overlay-color":"","overlay-opacity":"","overlay-gradient":""},"mobile":{"background-color":"","background-image":"","background-repeat":"repeat","background-position":"center center","background-size":"auto","background-attachment":"scroll","background-type":"","background-media":"","overlay-type":"","overlay-color":"","overlay-opacity":"","overlay-gradient":""}},"ast-content-background-meta":{"desktop":{"background-color":"var(--ast-global-color-5)","background-image":"","background-repeat":"repeat","background-position":"center center","background-size":"auto","background-attachment":"scroll","background-type":"","background-media":"","overlay-type":"","overlay-color":"","overlay-opacity":"","overlay-gradient":""},"tablet":{"background-color":"var(--ast-global-color-5)","background-image":"","background-repeat":"repeat","background-position":"center center","background-size":"auto","background-attachment":"scroll","background-type":"","background-media":"","overlay-type":"","overlay-color":"","overlay-opacity":"","overlay-gradient":""},"mobile":{"background-color":"var(--ast-global-color-5)","background-image":"","background-repeat":"repeat","background-position":"center center","background-size":"auto","background-attachment":"scroll","background-type":"","background-media":"","overlay-type":"","overlay-color":"","overlay-opacity":"","overlay-gradient":""}},"footnotes":""},"class_list":["post-3697","page","type-page","status-publish","hentry"],"uagb_featured_image_src":{"full":false,"thumbnail":false,"medium":false,"medium_large":false,"large":false,"1536x1536":false,"2048x2048":false},"uagb_author_info":{"display_name":"Holly Witteman","author_link":"https:\/\/communit1d.ca\/fr\/author\/holly\/"},"uagb_comment_info":0,"uagb_excerpt":"Le processus","_links":{"self":[{"href":"https:\/\/communit1d.ca\/fr\/wp-json\/wp\/v2\/pages\/3697","targetHints":{"allow":["GET"]}}],"collection":[{"href":"https:\/\/communit1d.ca\/fr\/wp-json\/wp\/v2\/pages"}],"about":[{"href":"https:\/\/communit1d.ca\/fr\/wp-json\/wp\/v2\/types\/page"}],"author":[{"embeddable":true,"href":"https:\/\/communit1d.ca\/fr\/wp-json\/wp\/v2\/users\/6"}],"replies":[{"embeddable":true,"href":"https:\/\/communit1d.ca\/fr\/wp-json\/wp\/v2\/comments?post=3697"}],"version-history":[{"count":18,"href":"https:\/\/communit1d.ca\/fr\/wp-json\/wp\/v2\/pages\/3697\/revisions"}],"predecessor-version":[{"id":3877,"href":"https:\/\/communit1d.ca\/fr\/wp-json\/wp\/v2\/pages\/3697\/revisions\/3877"}],"wp:attachment":[{"href":"https:\/\/communit1d.ca\/fr\/wp-json\/wp\/v2\/media?parent=3697"}],"curies":[{"name":"wp","href":"https:\/\/api.w.org\/{rel}","templated":true}]}}