{"id":3691,"date":"2025-05-04T23:42:57","date_gmt":"2025-05-04T23:42:57","guid":{"rendered":"https:\/\/communit1d.ca\/ressources\/"},"modified":"2025-05-29T19:34:58","modified_gmt":"2025-05-29T19:34:58","slug":"ressources","status":"publish","type":"page","link":"https:\/\/communit1d.ca\/fr\/ressources\/","title":{"rendered":"Ressources"},"content":{"rendered":"\n<div class=\"wp-block-uagb-container uagb-block-79a8b70d alignfull uagb-is-root-container\"><div class=\"uagb-container-inner-blocks-wrap\">\n<div class=\"wp-block-uagb-info-box uagb-block-800ea0e1 uagb-infobox__content-wrap uagb-infobox-icon-above-title uagb-infobox-image-valign-top wp-block-uagb-info-box--has-margin\"><div class=\"uagb-infobox-margin-wrapper\"><div class=\"uagb-ifb-content\"><div class=\"uagb-ifb-title-wrap\"><h6 class=\"uagb-ifb-title-prefix\"><br><br><\/h6><h1 class=\"uagb-ifb-title\">Des ressources qui peuvent vous \u00eatre utiles<\/h1><\/div><p class=\"uagb-ifb-desc\">Rassembl\u00e9es par notre \u00e9quipe d&rsquo;expert(e)s en diab\u00e8te de type 1<\/p><\/div><\/div><\/div>\n\n\n\n<div class=\"wp-block-uagb-container uagb-block-bec1a245\">\n<h3 class=\"wp-block-heading\">Sant\u00e9 mentale et le diab\u00e8te de type 1<\/h3>\n\n\n\n<p><a href=\"https:\/\/repertoire.perceedt1.ca\/\">R\u00e9pertoire des professionnels de la sant\u00e9 mentale<\/a> par Perc\u00e9e DT1 (anciennement FRDJ) Canada &#8211; Ce r\u00e9pertoire \u00e9num\u00e8re les professionnels de la sant\u00e9 mentale qui ont re\u00e7u une formation sp\u00e9cifique sur le diab\u00e8te de type 1. Vous pouvez entrer votre province ou territoire de r\u00e9sidence et obtenir une liste des professionnels disponibles. (Le traitement n\u00e9cessite des paiements et\/ou une couverture d&rsquo;assurance, recommand\u00e9 par : Holly)  <\/p>\n\n\n\n<p><a href=\"https:\/\/diabetesdistress.org\/\">Diabetes Distress Assessment and Resource Center<\/a> (en anglais seulement) par DiabetesDistress.org &#8211; Cette ressource permet aux personnes de <a href=\"https:\/\/diabetesdistress.org\/take-dd-survey\/\">r\u00e9pondre \u00e0 l&rsquo;enqu\u00eate sur la d\u00e9tresse li\u00e9e au diab\u00e8te<\/a> et d&rsquo;obtenir leurs r\u00e9sultats indiquant les domaines qui semblent les plus pr\u00e9occupants pour eux. (GRATUIT, recommand\u00e9 par : Virtue) <\/p>\n\n\n\n<p><a href=\"https:\/\/www.thediabetespsychologist.com\/book\">Diabetes Sucks AND You Can Handle It<\/a> (en anglais seulement) par Mark Heyman, un psychologue am\u00e9ricain qui vit avec un diab\u00e8te de type 1 \u2013 Ce livre traite de la sant\u00e9 mentale et du diab\u00e8te de type 1. (Ce livre n\u00e9cessite de l&rsquo;argent pour l&rsquo;acheter ou un acc\u00e8s \u00e0 la biblioth\u00e8que, recommand\u00e9 par : Holly)<\/p>\n\n\n\n<p><a href=\"https:\/\/type1better.com\/fr\/le-diabete-de-type-1-un-facteur-de-risque-pour-les-troubles-des-conduites-alimentaires\/\">Les troubles des conduites alimentaires<\/a> par le r\u00e9gistre BETTER &#8211; Ce lien d\u00e9crit le rapport entre le DT1 et les troubles de l&rsquo;alimentation, et offre un certain nombre de ressources ainsi qu&rsquo;un webinaire enregistr\u00e9 (d\u00e9filez jusqu&rsquo;au bas de la page.) (GRATUIT, recommand\u00e9 par : Holly)<\/p>\n<\/div>\n\n\n\n<div class=\"wp-block-uagb-container uagb-block-8cfa99ed\">\n<h3 class=\"wp-block-heading\">Sant\u00e9 mentale en g\u00e9n\u00e9ral<\/h3>\n\n\n\n<p><a href=\"https:\/\/cmha.ca\/fr\/bounce-back\/\">BounceBack<\/a> &#8211; Un programme en ligne gratuit de l&rsquo;Association canadienne pour la sant\u00e9 mentale con\u00e7u pour aider les adultes et les jeunes (15 ans et +) \u00e0 g\u00e9rer l&rsquo;humeur, le stress, l&rsquo;inqui\u00e9tude et les sympt\u00f4mes de la d\u00e9pression et de l&rsquo;anxi\u00e9t\u00e9. (GRATUIT, recommand\u00e9 par : Matt)<\/p>\n\n\n\n<p><a href=\"https:\/\/www.canada.ca\/fr\/sante-publique\/services\/services-sante-mentale\/sante-mentale-obtenir-aide.html\">Soutien en sant\u00e9 mentale<\/a> dans chaque province et territoire &#8211; Ce site web de Sant\u00e9 Canada fournit une liste des ressources en sant\u00e9 mentale disponibles dans chaque province et territoire, y compris le soutien aux Premi\u00e8res nations, aux Inuits et aux M\u00e9tis, aux jeunes et aux jeunes adultes, ainsi qu&rsquo;aux anciens combattants et \u00e0 leurs familles. (GRATUIT, recommand\u00e9 par : Matt ; comprend AMI-Qu\u00e9bec, recommand\u00e9 par Micha\u00eblla) <\/p>\n\n\n\n<p><a href=\"https:\/\/endingviolencecanada.org\/fr\/obtenir-de-laide\/\">Centres d\u2019aide et de lutte contre les agressions \u00e0 caract\u00e8re sexuel, lignes d\u2019\u00e9coute et services de soutien<\/a> \u2013 Ce site Web indique les moyens d\u2019obtenir de l\u2019aide \u00e0 l\u2019\u00e9chelle nationale et par province ou territoire. (GRATUIT, recommand\u00e9 par : Holly) (GRATUIT, recommand\u00e9 par : Holly)<\/p>\n\n\n\n<p><a href=\"http:\/\/988.ca\">Ligne d&rsquo;aide pour la pr\u00e9vention du suicide<\/a> &#8211; Appelez ou envoyez un message texte au 9-8-8 ou utilisez le <a href=\"http:\/\/988.ca\">988.ca<\/a>. Il s&rsquo;agit d&rsquo;une ligne d&rsquo;assistance t\u00e9l\u00e9phonique pour les personnes qui ont des id\u00e9es suicidaires et qui ont besoin d&rsquo;aide, qui ne sont pas certaines d&rsquo;avoir besoin d&rsquo;aide ou qui s&rsquo;inqui\u00e8tent pour quelqu&rsquo;un d&rsquo;autre. Ce service d&rsquo;assistance t\u00e9l\u00e9phonique est assur\u00e9 par un r\u00e9seau d&rsquo;organisations \u00e0 travers le Canada et est accessible \u00e0 toute personne au Canada. Les r\u00e9sidents du Qu\u00e9bec peuvent \u00e9galement composer le 1-866-APPELLE (277-3553) pour joindre la ligne d&rsquo;aide au suicide du Centre de pr\u00e9vention du suicide de Qu\u00e9bec. (GRATUIT, recommand\u00e9 par : Holly et Matt)    <\/p>\n\n\n\n<p><a href=\"https:\/\/https:\/\/commissionsantementale.ca\/ressources-pour-les-aidants\/.ca\/caregiver-resources\/\">Soutien aux familles et aux proches aidants<\/a> &#8211; Voici une liste de ressources pour les familles et les proches aidants de personnes atteintes d&rsquo;un probl\u00e8me de sant\u00e9 mentale, fournie par la Commission de la sant\u00e9 mentale du Canada. (GRATUIT, recommand\u00e9 par : Matt; comprend AMI-Qu\u00e9bec, recommand\u00e9 par Micha\u00eblla) <\/p>\n\n\n\n<p><a href=\"https:\/\/www.canada.ca\/fr\/sante-canada\/services\/dependance-aux-drogues\/obtenez-aide-concernant-consommation-substances.html\">R\u00e9f\u00e9rences pour obtenir de l\u2019aide pour la consommation de substances<\/a> \u2013 Ce site web pr\u00e9sente une liste de moyens d\u2019obtenir de l\u2019aide pour la consommation de substances au Canada en plus d\u2019options propres \u00e0 chaque province. (GRATUIT, recommand\u00e9 par : Holly) (GRATUIT, recommand\u00e9 par : Holly)<\/p>\n<\/div>\n\n\n\n<div class=\"wp-block-uagb-container uagb-block-91c09bd0\">\n<h3 class=\"wp-block-heading\">Peuples autochtones<\/h3>\n\n\n\n<p><a href=\"https:\/\/nada.ca\/\">National Indigenous Diabetes Association<\/a> (en anglais seulement) &#8211; Cette ressource est utile pour les personnes qui souhaitent s&rsquo;informer sur la culture autochtone et le diab\u00e8te, ainsi que sur les \u00e9v\u00e9nements relatifs \u00e0 ces sujets. (GRATUIT, recommand\u00e9 par : Sasha) <\/p>\n\n\n\n<p><a href=\"https:\/\/www.sac-isc.gc.ca\/fra\/1578079214611\/1578079236012\">Couverture des services de sant\u00e9 non assur\u00e9s<\/a> &#8211; Cette ressource est utile pour les membres des Premi\u00e8res nations et les Inuits qui sont admissibles aux services de sant\u00e9 non assur\u00e9s, car elle \u00e9num\u00e8re ce qui est couvert pour le diab\u00e8te, y compris, par exemple, la <a href=\"https:\/\/www.sac-isc.gc.ca\/fra\/1578079214611\/1578079236012#s23-10-a2\">couverture des syst\u00e8mes de surveillance du glucose en continu<\/a> \u00e0 compter d&rsquo;octobre 2023. (GRATUIT, recommand\u00e9 par : Sasha) <\/p>\n<\/div>\n\n\n\n<div class=\"wp-block-uagb-container uagb-block-51265fd0\">\n<h3 class=\"wp-block-heading\">Parents d&rsquo;enfants ayant un DT1<\/h3>\n\n\n\n<p>Listes d&rsquo;informations sur le diab\u00e8te con\u00e7ues pour les parents d&rsquo;enfants atteints de DT1 <a href=\"http:\/\/www.bcchildrens.ca\/health-info\/coping-support\/diabetes\">en anglais par le BC Children&rsquo;s Hospital<\/a> et <a href=\"https:\/\/hopitaldemontrealpourenfants.ca\/nouvelles-et-evenements\/diabete\/\">en fran\u00e7ais par l&rsquo;H\u00f4pital de Montr\u00e9al pour enfants<\/a> &#8211; Ces ressources sont particuli\u00e8rement utiles pour les parents d&rsquo;enfants nouvellement diagnostiqu\u00e9s, mais aussi pour ceux et celles qui g\u00e8rent le DT1 de leur enfant depuis des ann\u00e9es. (GRATUIT, recommand\u00e9 par : Sasha et Micha\u00eblla) <\/p>\n<\/div>\n\n\n\n<div class=\"wp-block-uagb-container uagb-block-a64d00a3\">\n<h3 class=\"wp-block-heading\">L\u2019activit\u00e9 physique et le DT1<\/h3>\n\n\n\n<p><a href=\"https:\/\/csepguidelines.ca\/language\/fr\/\">Directives en mati\u00e8re de mouvement sur 24 heures<\/a> par la Soci\u00e9t\u00e9 canadienne de physiologie de l\u2019exercice \u2013 Cette ressource est utile, car elle fournit des conseils sur la quantit\u00e9 de mouvements et de repos \u00e0 effectuer pour un meilleur bien-\u00eatre. (GRATUIT, recommand\u00e9 par : Holly)<\/p>\n\n\n\n<p><a href=\"https:\/\/www.digibete.org\/wp-content\/uploads\/2018\/01\/Exercise-management-in-type-1-diabetes-a-consensus-Mike-Riddell-Lancet-DE-2017.pdf\">D\u00e9claration de consensus sur l\u2019exercice et le DT1<\/a> (en anglais seulement) par un groupe de chercheurs, dirig\u00e9 par Mike Riddell, un physiologiste de l\u2019exercice au Canada qui vit \u00e9galement avec un DT1 \u2013 Cette ressource est utile car elle fournit des conseils sur la fa\u00e7on de g\u00e9rer la glyc\u00e9mie avant, pendant et apr\u00e8s diff\u00e9rents types d\u2019exercice. L\u2019organigramme et le tableau peuvent \u00eatre particuli\u00e8rement utiles.  (GRATUIT, recommand\u00e9 par : Holly)<\/p>\n<\/div>\n\n\n\n<div class=\"wp-block-uagb-container uagb-block-b985a48b\">\n<h3 class=\"wp-block-heading\">Technologie<\/h3>\n\n\n\n<p>Comparaisons des pompes disponibles au Canada <a href=\"https:\/\/endorhealth.com\/insulin-pump-buying-guide\/\">en 2025 par Endor Health<\/a> (en anglais seulement) et <a href=\"https:\/\/waltzingthedragon.ca\/diabetes\/insulin-pumps-cgm\/choosing-insulin-pump-comparison-of-pumps-available-canada\/\">en 2023 par la m\u00e8re d&rsquo;un enfant atteint de T1D<\/a> (en anglais seulement) qui tient un blog d\u00e9taill\u00e9 et utile &#8211; Ces ressources sont utiles pour ceux\/ celles qui envisagent diff\u00e9rentes pompes \u00e0 insuline et veulent des tableaux comparatifs comme <a href=\"https:\/\/diabeteswise.org\/\">ceux disponibles aux \u00c9tats-Unis<\/a>, mais sp\u00e9cifiques aux dispositifs disponibles au Canada. (GRATUIT, recommand\u00e9 par Holly) <\/p>\n\n\n\n<p><a href=\"https:\/\/guidelines.diabetes.ca\/GuideLines\/media\/Docs\/cpg\/DIY-Automated-Insulin-Delivery-PIIS1499267123001272.pdf\">La prise de position de Diab\u00e8te Canada sur les syst\u00e8mes automatis\u00e9s d\u2019administration d\u2019insuline \u00e0 faire soi-m\u00eame<\/a> (en anglais seulement) par un groupe de cliniciens, de chercheurs et de personnes vivant avec le DT1 \u2013 Cette ressource est utile parce qu\u2019elle fournit une orientation officielle au Canada concernant les syst\u00e8mes de pancr\u00e9as artificiel (APS) non commerciaux comme <a href=\"https:\/\/androidaps.readthedocs.io\/en\/latest\/\">AndroidAPS<\/a>, <a href=\"https:\/\/loopkit.github.io\/loopdocs\/#what-is-loop\">Loop<\/a>, <a href=\"https:\/\/openaps.org\/\">OpenAPS<\/a> et <a href=\"https:\/\/docs.diy-trio.org\/en\/latest\/\">Trio<\/a> que vous pouvez construire pour vous-m\u00eame ou votre enfant \u00e0 l\u2019aide de logiciels libres. (GRATUIT, recommand\u00e9 par : Holly, Dylan)<\/p>\n\n\n\n<p><a href=\"https:\/\/perceedt1.ca\/defense-dinterets\/accespourtous\/carte-des-couvertures\/\">Financement de la technologie<\/a> \u2013 Cette carte de couverture assembl\u00e9e par Perc\u00e9e DT1 Canada (anciennement FRDJ Canada) montre diff\u00e9rentes options pour couvrir les frais associ\u00e9s \u00e0 la technologie comme les moniteurs de glucose en continu, les moniteurs de glucose flash et les pompes \u00e0 insuline \u00e0 travers le Canada. Elle fournit \u00e9galement des informations sur la disponibilit\u00e9 de l\u2019insuline au Canada.  (GRATUIT, recommand\u00e9 par : Holly)<\/p>\n<\/div>\n\n\n\n<div class=\"wp-block-uagb-container uagb-block-6541250f\">\n<h3 class=\"wp-block-heading\">Adolescent(e)s et jeunes adultes<\/h3>\n\n\n\n<p><a href=\"https:\/\/jeunessejecoute.ca\/\">Jeunesse, J\u2019\u00e9coute Canada<\/a> par Jeunesse, J\u2019\u00e9coute Canada \u2013 Cette ressource offre des services de sant\u00e9 mentale en ligne aux enfants, aux adolescents et aux jeunes adultes du Canada. Elle offre des options de messagerie texte et d\u2019appel, ainsi que d\u2019autres ressources en ligne et en personne.  (GRATUIT, recommand\u00e9 par : Holly)<\/p>\n\n\n\n<p><a href=\"https:\/\/thediabeteslink.org\/join-the-community\/college-chapter-network\/\">The Diabetes Link<\/a> (en anglais seulement) &#8211; Cette organisation offre un soutien par les pairs aux adolescents et aux jeunes adultes. Trouvez une section pr\u00e8s de chez vous ou cr\u00e9ez la v\u00f4tre! (GRATUIT, recommand\u00e9 par : Marley)  &nbsp;<\/p>\n\n\n\n<p><a href=\"https:\/\/type1better.com\/en\/support-group-for-14-24-year-olds\/\">Virtual Peer Network (VPN)<\/a> &#8211; Ce r\u00e9seau, cr\u00e9\u00e9 en 2017, dispose d&rsquo;un groupe priv\u00e9 sur Facebook pour les personnes \u00e2g\u00e9es de 14 \u00e0 24 ans ayant un diab\u00e8te de type 1 au Canada. (GRATUIT, recommand\u00e9 par : Marley) <\/p>\n<\/div>\n\n\n\n<div class=\"wp-block-uagb-container uagb-block-62e3c652\">\n<h3 class=\"wp-block-heading\">Utilisation de l&rsquo;insuline<\/h3>\n\n\n\n<p><a href=\"https:\/\/www.diabeteseducatorscalgary.ca\/medications\/insulin\/insulin-for-protein-and-fat.html\">Insulin for Protein and Fat<\/a> (en anglais seulement) par Diabetes Educators Calgary \u2013 Cette ressource est destin\u00e9e aux professionnels de la sant\u00e9. Elle est utile parce qu\u2019elle explique comment les prot\u00e9ines et les graisses peuvent affecter la glyc\u00e9mie et ce qu\u2019on peut faire pour y rem\u00e9dier.  (GRATUIT, recommand\u00e9 par : Holly)<\/p>\n\n\n\n<p><a href=\"http:\/\/ddi.ucsd.edu\/learn\/prebolus.html\">Insulin Timing and Dosing<\/a> (en anglais seulement) par la Diabetes Design Initiative at UC San Diego &#8211; Cette ressource est utile parce qu\u2019elle permet de contr\u00f4ler la quantit\u00e9 d&rsquo;insuline et le moment de son administration et voir comment ces variables affectent la glyc\u00e9mie sans avoir \u00e0 exp\u00e9rimenter les hauts et les bas. (GRATUIT, recommand\u00e9 par : Holly)<\/p>\n\n\n\n<p><a href=\"https:\/\/bookshop.org\/p\/books\/think-like-a-pancreas-a-practical-guide-to-managing-diabetes-with-insulin-gary-scheiner\/12992937?ean=9780738246680\">Think Like A Pancreas<\/a> (en anglais seulement) par Gary Scheiner &#8211; Ce livre donne des conseils pratiques sur l&rsquo;utilisation de l&rsquo;insuline, que vous utilisiez des aiguilles, des stylos ou une pompe. (Ce livre n\u00e9cessite de l&rsquo;argent pour l&rsquo;acheter ou un acc\u00e8s \u00e0 la biblioth\u00e8que, recommand\u00e9 par : Holly)<\/p>\n<\/div>\n\n\n\n<div class=\"wp-block-uagb-container uagb-block-e6298437\">\n<h3 class=\"wp-block-heading\">Autres<\/h3>\n\n\n\n<p><a href=\"https:\/\/type1better.com\/fr\/simpliquer-dans-la-recherche\/\">Le registre BETTER<\/a> par un groupe de chercheurs(euses), de professionnel(le)s de la sant\u00e9, de personnes et de familles vivant avec un DT1 &#8211; Ce registre est similaire \u00e0 ceux d&rsquo;autres pays (par exemple, le registre T1DExchange aux \u00c9tats-Unis) en ce sens qu&rsquo;il permet aux personnes atteintes d&rsquo;un DT1 de r\u00e9pondre \u00e0 des enqu\u00eates et de fournir des donn\u00e9es pour aider \u00e0 am\u00e9liorer les soins du DT1 au Canada. Le projet organise \u00e9galement des webinaires r\u00e9guliers et gratuits sur des sujets li\u00e9s au DT1 et propose des listes de ressources utiles. (GRATUIT, recommand\u00e9 par : Holly, Dylan)<\/p>\n\n\n\n<p><a href=\"https:\/\/diatribe.org\/bright-spots-and-landmines\/assets\/pdf\/Bright_Spots_and_Landmines_by_Adam_Brown.pdf\">Bright Spots and Landmines<\/a> (en anglais seulement) par Adam Brown &#8211; Ce livre est une ressource gratuite qui contient beaucoup d&rsquo;id\u00e9es pertinentes pour bien vivre avec un DT1. (GRATUIT, recommand\u00e9 par : Dylan)<\/p>\n\n\n\n<p><a href=\"https:\/\/diabetesaction.ca\/fr\/\">Action contre le diab\u00e8te Canada<\/a> &#8211; Cette ressource est utile parce que les personnes atteintes de diab\u00e8te et les personnes prenant soin d\u2019elles peuvent voir quels types de projets de recherche sont en cours, et elles peuvent <a href=\"https:\/\/diabetesaction.ca\/fr\/become-a-patient-partner\/\">devenir un patient partenaire<\/a> pour aider \u00e0 guider ce sur quoi la recherche sur le diab\u00e8te porte et comment elle est faite au Canada. (GRATUIT, recommand\u00e9 par : Sasha, Holly)<\/p>\n\n\n\n<p><a href=\"https:\/\/www.diabetes.ca\/en-CA\/campaigns\/information-referral-virtual-care\">Ligne d&rsquo;aide de Diab\u00e8te Canada 1-800-BANTING<\/a> (en anglais seulement) et <a href=\"https:\/\/www.diabete.qc.ca\/service\/service-infodiabete-2\/\">Diab\u00e8te Qu\u00e9bec Service Infodiab\u00e8te<\/a> &#8211; Il s&rsquo;agit de lignes t\u00e9l\u00e9phoniques, d&rsquo;adresses \u00e9lectroniques et\/ou de services de clavardage que les personnes peuvent utiliser pour obtenir de l&rsquo;aide personnalis\u00e9e. (GRATUIT, recommand\u00e9 par : Holly)<\/p>\n\n\n\n<p><a href=\"https:\/\/diabetesaction.ca\/fr\/community-hub\/\">Centre communautaire d&rsquo;action contre le diab\u00e8te<\/a> &#8211; Il s&rsquo;agit d&rsquo;une liste de communaut\u00e9s soumises par les utilisateurs (principalement en ligne, mais aussi hors ligne) concernant tous les types de diab\u00e8te. (GRATUIT, recommand\u00e9 par : Holly)<\/p>\n\n\n\n<p><a href=\"https:\/\/www.diabetes.ca\/en-CA\/resources\/healthy-living-tools-resources\/resistance-exercise-videos-(2)\">How 2 Type 1<\/a> (en anglais seulement) par Diabetes Canada &#8211; Il s&rsquo;agit d&rsquo;une s\u00e9rie de vid\u00e9os con\u00e7ue pour les personnes qui d\u00e9couvrent le DT1 ou qui ont besoin d&rsquo;un rafra\u00eechissement quant \u00e0 certains concepts. (GRATUIT, recommand\u00e9 par : Peter)<\/p>\n\n\n\n<p><a href=\"https:\/\/holly.witteman.ca\/management-lessons-learned-from-40-years-with-type-1-diabetes-t1d\/\">Le\u00e7ons de gestion tir\u00e9es de 40 ans de diab\u00e8te de type 1<\/a> (en anglais seulement) &#8211; Il s&rsquo;agit d&rsquo;un article de blog de Holly, la chercheuse qui dirige CommunauDT1. Holly n&rsquo;\u00e9tait pas tr\u00e8s \u00e0 l&rsquo;aise \u00e0 l&rsquo;id\u00e9e que son blog soit recommand\u00e9 ici, mais d&rsquo;autres l&rsquo;ont convaincue de le laisser figurer dans la liste. Ils disent qu&rsquo;il offre un aper\u00e7u \u00e0 la fois g\u00e9n\u00e9ral et sp\u00e9cifique sur une vari\u00e9t\u00e9 de sujets, allant du camping dans l&rsquo;arri\u00e8re-pays \u00e0 la p\u00e9rim\u00e9nopause. Il y a vraiment quelque chose \u00e0 tirer de la lecture de ce blog pour tous ceux \/ toutes celles qui vivent avec un DT1. (GRATUIT, recommand\u00e9 par : Dylan, Shayla)<\/p>\n\n\n\n<p><a href=\"https:\/\/youtube.com\/watch?v=CI8fpk-OKgQ\">Qu&rsquo;est-ce que le type 1? (en anglais seulement)<\/a> par Victor Garber et Beyond Type 1 &#8211; Cette vid\u00e9o de 2 minutes est une introduction rapide au diab\u00e8te de type 1. Elle peut \u00eatre utile \u00e0 partager avec des personnes qui ne comprennent pas ce qu&rsquo;est le diab\u00e8te de type 1. (GRATUIT, recommand\u00e9 par : Holly)<\/p>\n<\/div>\n\n\n\n<div class=\"wp-block-uagb-container uagb-layout-flex uagb-block-a25f9b60\"><\/div>\n<\/div><\/div>\n","protected":false},"excerpt":{"rendered":"<p>Sant\u00e9 mentale et le diab\u00e8te de type 1 R\u00e9pertoire des professionnels de la sant\u00e9 mentale par Perc\u00e9e DT1 (anciennement FRDJ) Canada &#8211; Ce r\u00e9pertoire \u00e9num\u00e8re les professionnels de la sant\u00e9 mentale qui ont re\u00e7u une formation sp\u00e9cifique sur le diab\u00e8te de type 1. Vous pouvez entrer votre province ou territoire de r\u00e9sidence et obtenir une [&hellip;]<\/p>\n","protected":false},"author":6,"featured_media":0,"parent":0,"menu_order":0,"comment_status":"closed","ping_status":"closed","template":"","meta":{"_uag_custom_page_level_css":"","site-sidebar-layout":"no-sidebar","site-content-layout":"page-builder","ast-site-content-layout":"full-width-container","site-content-style":"unboxed","site-sidebar-style":"unboxed","ast-global-header-display":"","ast-banner-title-visibility":"","ast-main-header-display":"","ast-hfb-above-header-display":"","ast-hfb-below-header-display":"","ast-hfb-mobile-header-display":"","site-post-title":"disabled","ast-breadcrumbs-content":"","ast-featured-img":"disabled","footer-sml-layout":"","theme-transparent-header-meta":"enabled","adv-header-id-meta":"","stick-header-meta":"","header-above-stick-meta":"","header-main-stick-meta":"","header-below-stick-meta":"","astra-migrate-meta-layouts":"set","ast-page-background-enabled":"default","ast-page-background-meta":{"desktop":{"background-color":"var(--ast-global-color-4)","background-image":"","background-repeat":"repeat","background-position":"center center","background-size":"auto","background-attachment":"scroll","background-type":"","background-media":"","overlay-type":"","overlay-color":"","overlay-opacity":"","overlay-gradient":""},"tablet":{"background-color":"","background-image":"","background-repeat":"repeat","background-position":"center center","background-size":"auto","background-attachment":"scroll","background-type":"","background-media":"","overlay-type":"","overlay-color":"","overlay-opacity":"","overlay-gradient":""},"mobile":{"background-color":"","background-image":"","background-repeat":"repeat","background-position":"center center","background-size":"auto","background-attachment":"scroll","background-type":"","background-media":"","overlay-type":"","overlay-color":"","overlay-opacity":"","overlay-gradient":""}},"ast-content-background-meta":{"desktop":{"background-color":"var(--ast-global-color-5)","background-image":"","background-repeat":"repeat","background-position":"center center","background-size":"auto","background-attachment":"scroll","background-type":"","background-media":"","overlay-type":"","overlay-color":"","overlay-opacity":"","overlay-gradient":""},"tablet":{"background-color":"var(--ast-global-color-5)","background-image":"","background-repeat":"repeat","background-position":"center center","background-size":"auto","background-attachment":"scroll","background-type":"","background-media":"","overlay-type":"","overlay-color":"","overlay-opacity":"","overlay-gradient":""},"mobile":{"background-color":"var(--ast-global-color-5)","background-image":"","background-repeat":"repeat","background-position":"center center","background-size":"auto","background-attachment":"scroll","background-type":"","background-media":"","overlay-type":"","overlay-color":"","overlay-opacity":"","overlay-gradient":""}},"footnotes":""},"class_list":["post-3691","page","type-page","status-publish","hentry"],"uagb_featured_image_src":{"full":false,"thumbnail":false,"medium":false,"medium_large":false,"large":false,"1536x1536":false,"2048x2048":false},"uagb_author_info":{"display_name":"Holly Witteman","author_link":"https:\/\/communit1d.ca\/fr\/author\/holly\/"},"uagb_comment_info":0,"uagb_excerpt":"Sant\u00e9 mentale et le diab\u00e8te de type 1 R\u00e9pertoire des professionnels de la sant\u00e9 mentale par Perc\u00e9e DT1 (anciennement FRDJ) Canada &#8211; Ce r\u00e9pertoire \u00e9num\u00e8re les professionnels de la sant\u00e9 mentale qui ont re\u00e7u une formation sp\u00e9cifique sur le diab\u00e8te de type 1. Vous pouvez entrer votre province ou territoire de r\u00e9sidence et obtenir une\u2026","_links":{"self":[{"href":"https:\/\/communit1d.ca\/fr\/wp-json\/wp\/v2\/pages\/3691","targetHints":{"allow":["GET"]}}],"collection":[{"href":"https:\/\/communit1d.ca\/fr\/wp-json\/wp\/v2\/pages"}],"about":[{"href":"https:\/\/communit1d.ca\/fr\/wp-json\/wp\/v2\/types\/page"}],"author":[{"embeddable":true,"href":"https:\/\/communit1d.ca\/fr\/wp-json\/wp\/v2\/users\/6"}],"replies":[{"embeddable":true,"href":"https:\/\/communit1d.ca\/fr\/wp-json\/wp\/v2\/comments?post=3691"}],"version-history":[{"count":11,"href":"https:\/\/communit1d.ca\/fr\/wp-json\/wp\/v2\/pages\/3691\/revisions"}],"predecessor-version":[{"id":3833,"href":"https:\/\/communit1d.ca\/fr\/wp-json\/wp\/v2\/pages\/3691\/revisions\/3833"}],"wp:attachment":[{"href":"https:\/\/communit1d.ca\/fr\/wp-json\/wp\/v2\/media?parent=3691"}],"curies":[{"name":"wp","href":"https:\/\/api.w.org\/{rel}","templated":true}]}}